{"id":29,"date":"2017-08-06T14:35:00","date_gmt":"2017-08-06T11:35:00","guid":{"rendered":"http:\/\/ankaratranspalettamiri.com\/?page_id=29"},"modified":"2020-09-02T09:21:25","modified_gmt":"2020-09-02T06:21:25","slug":"satis","status":"publish","type":"page","link":"https:\/\/www.ankaratranspalettamir.com\/index.php\/satis\/","title":{"rendered":"Sat\u0131\u015f"},"content":{"rendered":"<p>Ankara S\u0131f\u0131r Transpalet Sat\u0131\u015f<\/p>\n<div id=\"attachment_93\" style=\"width: 235px\" class=\"wp-caption alignnone\"><img aria-describedby=\"caption-attachment-93\" loading=\"lazy\" class=\"size-medium wp-image-93\" src=\"http:\/\/ankaratranspalettamiri.com\/wp-content\/uploads\/2017\/08\/ankara-ranspalet-tamiri-18-225x300.jpg\" alt=\"ankara-transpalet-tamiri-netlift-transpalet-biglift-transpalet-astor-transpalet\" width=\"225\" height=\"300\" srcset=\"https:\/\/ankaratranspalettamiri.com\/wp-content\/uploads\/2017\/08\/ankara-ranspalet-tamiri-18-225x300.jpg 225w, https:\/\/ankaratranspalettamiri.com\/wp-content\/uploads\/2017\/08\/ankara-ranspalet-tamiri-18-768x1024.jpg 768w\" sizes=\"(max-width: 225px) 100vw, 225px\" \/><p id=\"caption-attachment-93\" class=\"wp-caption-text\">ankara-transpalet-tamiri-netlift-transpalet-biglift-transpalet-astor-transpalet<\/p><\/div>\n<div id=\"attachment_92\" style=\"width: 235px\" class=\"wp-caption alignnone\"><img aria-describedby=\"caption-attachment-92\" loading=\"lazy\" class=\"size-medium wp-image-92\" src=\"http:\/\/ankaratranspalettamiri.com\/wp-content\/uploads\/2017\/08\/ankara-ranspalet-tamiri-17-225x300.jpg\" alt=\"ankara-transpalet-tamiri-netlift-transpalet-biglift-transpalet-astor-transpalet\" width=\"225\" height=\"300\" srcset=\"https:\/\/ankaratranspalettamiri.com\/wp-content\/uploads\/2017\/08\/ankara-ranspalet-tamiri-17-225x300.jpg 225w, https:\/\/ankaratranspalettamiri.com\/wp-content\/uploads\/2017\/08\/ankara-ranspalet-tamiri-17-768x1024.jpg 768w\" sizes=\"(max-width: 225px) 100vw, 225px\" \/><p id=\"caption-attachment-92\" class=\"wp-caption-text\">ankara-transpalet-tamiri-netlift-transpalet-biglift-transpalet-astor-transpalet<\/p><\/div>\n<div id=\"attachment_91\" style=\"width: 235px\" class=\"wp-caption alignnone\"><img aria-describedby=\"caption-attachment-91\" loading=\"lazy\" class=\"size-medium wp-image-91\" src=\"http:\/\/ankaratranspalettamiri.com\/wp-content\/uploads\/2017\/08\/ankara-ranspalet-tamiri-16-225x300.jpg\" alt=\"ankara-transpalet-tamiri-netlift-transpalet-biglift-transpalet\" width=\"225\" height=\"300\" srcset=\"https:\/\/ankaratranspalettamiri.com\/wp-content\/uploads\/2017\/08\/ankara-ranspalet-tamiri-16-225x300.jpg 225w, https:\/\/ankaratranspalettamiri.com\/wp-content\/uploads\/2017\/08\/ankara-ranspalet-tamiri-16-768x1024.jpg 768w\" sizes=\"(max-width: 225px) 100vw, 225px\" \/><p id=\"caption-attachment-91\" class=\"wp-caption-text\">ankara-transpalet-tamiri-netlift-transpalet-biglift-transpalet<\/p><\/div>\n<div id=\"attachment_90\" style=\"width: 235px\" class=\"wp-caption alignnone\"><img aria-describedby=\"caption-attachment-90\" loading=\"lazy\" class=\"size-medium wp-image-90\" src=\"http:\/\/ankaratranspalettamiri.com\/wp-content\/uploads\/2017\/08\/ankara-ranspalet-tamiri-15-225x300.jpg\" alt=\"ankara-transpalet-tamiri-netlift-transpalet-biglift-transpalet\" width=\"225\" height=\"300\" srcset=\"https:\/\/ankaratranspalettamiri.com\/wp-content\/uploads\/2017\/08\/ankara-ranspalet-tamiri-15-225x300.jpg 225w, https:\/\/ankaratranspalettamiri.com\/wp-content\/uploads\/2017\/08\/ankara-ranspalet-tamiri-15-768x1024.jpg 768w\" sizes=\"(max-width: 225px) 100vw, 225px\" \/><p id=\"caption-attachment-90\" class=\"wp-caption-text\">ankara-transpalet-tamiri-netlift-transpalet-biglift-transpalet<\/p><\/div>\n<div id=\"attachment_89\" style=\"width: 310px\" class=\"wp-caption alignnone\"><img aria-describedby=\"caption-attachment-89\" loading=\"lazy\" class=\"size-medium wp-image-89\" src=\"http:\/\/ankaratranspalettamiri.com\/wp-content\/uploads\/2017\/08\/ankara-ranspalet-tamiri-14-300x225.jpg\" alt=\"ankara-transpalet-tamiri-teker-\u00e7atal\u0131-teker-kolu-teker-mili\" width=\"300\" height=\"225\" srcset=\"https:\/\/ankaratranspalettamiri.com\/wp-content\/uploads\/2017\/08\/ankara-ranspalet-tamiri-14-300x225.jpg 300w, https:\/\/ankaratranspalettamiri.com\/wp-content\/uploads\/2017\/08\/ankara-ranspalet-tamiri-14-768x576.jpg 768w, https:\/\/ankaratranspalettamiri.com\/wp-content\/uploads\/2017\/08\/ankara-ranspalet-tamiri-14-1024x768.jpg 1024w, https:\/\/ankaratranspalettamiri.com\/wp-content\/uploads\/2017\/08\/ankara-ranspalet-tamiri-14-285x214.jpg 285w\" sizes=\"(max-width: 300px) 100vw, 300px\" \/><p id=\"caption-attachment-89\" class=\"wp-caption-text\">ankara-transpalet-tamiri-teker-\u00e7atal\u0131-teker-kolu-teker-mili<\/p><\/div>\n<div id=\"attachment_88\" style=\"width: 310px\" class=\"wp-caption alignnone\"><img aria-describedby=\"caption-attachment-88\" loading=\"lazy\" class=\"size-medium wp-image-88\" src=\"http:\/\/ankaratranspalettamiri.com\/wp-content\/uploads\/2017\/08\/ankara-ranspalet-tamiri-13-300x225.jpg\" alt=\"ankara-transpalet-tamiri-transpalet-tekeri-y\u00f6n tekeri-y\u00fck-tekeri\" width=\"300\" height=\"225\" srcset=\"https:\/\/ankaratranspalettamiri.com\/wp-content\/uploads\/2017\/08\/ankara-ranspalet-tamiri-13-300x225.jpg 300w, https:\/\/ankaratranspalettamiri.com\/wp-content\/uploads\/2017\/08\/ankara-ranspalet-tamiri-13-768x576.jpg 768w, https:\/\/ankaratranspalettamiri.com\/wp-content\/uploads\/2017\/08\/ankara-ranspalet-tamiri-13-1024x768.jpg 1024w, https:\/\/ankaratranspalettamiri.com\/wp-content\/uploads\/2017\/08\/ankara-ranspalet-tamiri-13-285x214.jpg 285w\" sizes=\"(max-width: 300px) 100vw, 300px\" \/><p id=\"caption-attachment-88\" class=\"wp-caption-text\">ankara-transpalet-tamiri-transpalet-tekeri-y\u00f6n tekeri-y\u00fck-tekeri<\/p><\/div>\n<div id=\"attachment_87\" style=\"width: 310px\" class=\"wp-caption alignnone\"><img aria-describedby=\"caption-attachment-87\" loading=\"lazy\" class=\"size-medium wp-image-87\" src=\"http:\/\/ankaratranspalettamiri.com\/wp-content\/uploads\/2017\/08\/ankara-ranspalet-tamiri-12-300x225.jpg\" alt=\"ankara-transpalet-tamiri-transpalet-tekeri\" width=\"300\" height=\"225\" srcset=\"https:\/\/ankaratranspalettamiri.com\/wp-content\/uploads\/2017\/08\/ankara-ranspalet-tamiri-12-300x225.jpg 300w, https:\/\/ankaratranspalettamiri.com\/wp-content\/uploads\/2017\/08\/ankara-ranspalet-tamiri-12-768x576.jpg 768w, https:\/\/ankaratranspalettamiri.com\/wp-content\/uploads\/2017\/08\/ankara-ranspalet-tamiri-12-1024x768.jpg 1024w, https:\/\/ankaratranspalettamiri.com\/wp-content\/uploads\/2017\/08\/ankara-ranspalet-tamiri-12-285x214.jpg 285w\" sizes=\"(max-width: 300px) 100vw, 300px\" \/><p id=\"caption-attachment-87\" class=\"wp-caption-text\">ankara-transpalet-tamiri-transpalet-tekeri<\/p><\/div>\n<div id=\"attachment_86\" style=\"width: 310px\" class=\"wp-caption alignnone\"><img aria-describedby=\"caption-attachment-86\" loading=\"lazy\" class=\"size-medium wp-image-86\" src=\"http:\/\/ankaratranspalettamiri.com\/wp-content\/uploads\/2017\/08\/ankara-ranspalet-tamiri-11-300x225.jpg\" alt=\"ankara-demirhan-transpalet-tamiri\" width=\"300\" height=\"225\" srcset=\"https:\/\/ankaratranspalettamiri.com\/wp-content\/uploads\/2017\/08\/ankara-ranspalet-tamiri-11-300x225.jpg 300w, https:\/\/ankaratranspalettamiri.com\/wp-content\/uploads\/2017\/08\/ankara-ranspalet-tamiri-11-768x576.jpg 768w, https:\/\/ankaratranspalettamiri.com\/wp-content\/uploads\/2017\/08\/ankara-ranspalet-tamiri-11-1024x768.jpg 1024w, https:\/\/ankaratranspalettamiri.com\/wp-content\/uploads\/2017\/08\/ankara-ranspalet-tamiri-11-285x214.jpg 285w\" sizes=\"(max-width: 300px) 100vw, 300px\" \/><p id=\"caption-attachment-86\" class=\"wp-caption-text\">ankara-demirhan-transpalet-tamiri<\/p><\/div>\n<div id=\"attachment_85\" style=\"width: 310px\" class=\"wp-caption alignnone\"><img aria-describedby=\"caption-attachment-85\" loading=\"lazy\" class=\"size-medium wp-image-85\" src=\"http:\/\/ankaratranspalettamiri.com\/wp-content\/uploads\/2017\/08\/ankara-ranspalet-tamiri-10-300x225.jpg\" alt=\"ankara-\u00e7ubuk-transpalet-tamiri\" width=\"300\" height=\"225\" srcset=\"https:\/\/ankaratranspalettamiri.com\/wp-content\/uploads\/2017\/08\/ankara-ranspalet-tamiri-10-300x225.jpg 300w, https:\/\/ankaratranspalettamiri.com\/wp-content\/uploads\/2017\/08\/ankara-ranspalet-tamiri-10-768x576.jpg 768w, https:\/\/ankaratranspalettamiri.com\/wp-content\/uploads\/2017\/08\/ankara-ranspalet-tamiri-10-1024x768.jpg 1024w, https:\/\/ankaratranspalettamiri.com\/wp-content\/uploads\/2017\/08\/ankara-ranspalet-tamiri-10-285x214.jpg 285w\" sizes=\"(max-width: 300px) 100vw, 300px\" \/><p id=\"caption-attachment-85\" class=\"wp-caption-text\">ankara-\u00e7ubuk-transpalet-tamiri<\/p><\/div>\n<div id=\"attachment_84\" style=\"width: 310px\" class=\"wp-caption alignnone\"><img aria-describedby=\"caption-attachment-84\" loading=\"lazy\" class=\"size-medium wp-image-84\" src=\"http:\/\/ankaratranspalettamiri.com\/wp-content\/uploads\/2017\/08\/ankara-ranspalet-tamiri-9-300x225.jpg\" alt=\"ankara-mamak-transpalet-tamiri\" width=\"300\" height=\"225\" srcset=\"https:\/\/ankaratranspalettamiri.com\/wp-content\/uploads\/2017\/08\/ankara-ranspalet-tamiri-9-300x225.jpg 300w, https:\/\/ankaratranspalettamiri.com\/wp-content\/uploads\/2017\/08\/ankara-ranspalet-tamiri-9-768x576.jpg 768w, https:\/\/ankaratranspalettamiri.com\/wp-content\/uploads\/2017\/08\/ankara-ranspalet-tamiri-9-1024x768.jpg 1024w, https:\/\/ankaratranspalettamiri.com\/wp-content\/uploads\/2017\/08\/ankara-ranspalet-tamiri-9-285x214.jpg 285w\" sizes=\"(max-width: 300px) 100vw, 300px\" \/><p id=\"caption-attachment-84\" class=\"wp-caption-text\">ankara-mamak-transpalet-tamiri<\/p><\/div>\n<div id=\"attachment_83\" style=\"width: 310px\" class=\"wp-caption alignnone\"><img aria-describedby=\"caption-attachment-83\" loading=\"lazy\" class=\"size-medium wp-image-83\" src=\"http:\/\/ankaratranspalettamiri.com\/wp-content\/uploads\/2017\/08\/ankara-ranspalet-tamiri-8-300x225.jpg\" alt=\"ankara-bat\u0131kent-transpalet-tamiri\" width=\"300\" height=\"225\" srcset=\"https:\/\/ankaratranspalettamiri.com\/wp-content\/uploads\/2017\/08\/ankara-ranspalet-tamiri-8-300x225.jpg 300w, https:\/\/ankaratranspalettamiri.com\/wp-content\/uploads\/2017\/08\/ankara-ranspalet-tamiri-8-768x576.jpg 768w, https:\/\/ankaratranspalettamiri.com\/wp-content\/uploads\/2017\/08\/ankara-ranspalet-tamiri-8-1024x768.jpg 1024w, https:\/\/ankaratranspalettamiri.com\/wp-content\/uploads\/2017\/08\/ankara-ranspalet-tamiri-8-285x214.jpg 285w\" sizes=\"(max-width: 300px) 100vw, 300px\" \/><p id=\"caption-attachment-83\" class=\"wp-caption-text\">ankara-bat\u0131kent-transpalet-tamiri<\/p><\/div>\n<div id=\"attachment_82\" style=\"width: 310px\" class=\"wp-caption alignnone\"><img aria-describedby=\"caption-attachment-82\" loading=\"lazy\" class=\"size-medium wp-image-82\" src=\"http:\/\/ankaratranspalettamiri.com\/wp-content\/uploads\/2017\/08\/ankara-ranspalet-tamiri-8-300x169.jpeg\" alt=\"ankara-g\u00f6lba\u015f\u0131-transpalet-tamiri\" width=\"300\" height=\"169\" srcset=\"https:\/\/ankaratranspalettamiri.com\/wp-content\/uploads\/2017\/08\/ankara-ranspalet-tamiri-8-300x169.jpeg 300w, https:\/\/ankaratranspalettamiri.com\/wp-content\/uploads\/2017\/08\/ankara-ranspalet-tamiri-8-768x432.jpeg 768w, https:\/\/ankaratranspalettamiri.com\/wp-content\/uploads\/2017\/08\/ankara-ranspalet-tamiri-8-1024x576.jpeg 1024w\" sizes=\"(max-width: 300px) 100vw, 300px\" \/><p id=\"caption-attachment-82\" class=\"wp-caption-text\">ankara-g\u00f6lba\u015f\u0131-transpalet-tamiri<\/p><\/div>\n<div id=\"attachment_81\" style=\"width: 310px\" class=\"wp-caption alignnone\"><img aria-describedby=\"caption-attachment-81\" loading=\"lazy\" class=\"size-medium wp-image-81\" src=\"http:\/\/ankaratranspalettamiri.com\/wp-content\/uploads\/2017\/08\/ankara-ranspalet-tamiri-7-300x225.jpg\" alt=\"ankara-dikmen-transpalet-tamiri\" width=\"300\" height=\"225\" srcset=\"https:\/\/ankaratranspalettamiri.com\/wp-content\/uploads\/2017\/08\/ankara-ranspalet-tamiri-7-300x225.jpg 300w, https:\/\/ankaratranspalettamiri.com\/wp-content\/uploads\/2017\/08\/ankara-ranspalet-tamiri-7-768x576.jpg 768w, https:\/\/ankaratranspalettamiri.com\/wp-content\/uploads\/2017\/08\/ankara-ranspalet-tamiri-7-1024x768.jpg 1024w, https:\/\/ankaratranspalettamiri.com\/wp-content\/uploads\/2017\/08\/ankara-ranspalet-tamiri-7-285x214.jpg 285w\" sizes=\"(max-width: 300px) 100vw, 300px\" \/><p id=\"caption-attachment-81\" class=\"wp-caption-text\">ankara-dikmen-transpalet-tamiri<\/p><\/div>\n<div id=\"attachment_80\" style=\"width: 179px\" class=\"wp-caption alignnone\"><img aria-describedby=\"caption-attachment-80\" loading=\"lazy\" class=\"size-medium wp-image-80\" src=\"http:\/\/ankaratranspalettamiri.com\/wp-content\/uploads\/2017\/08\/ankara-ranspalet-tamiri-7-169x300.jpeg\" alt=\"ankara-beypazar\u0131-transpalet-tamiri\" width=\"169\" height=\"300\" srcset=\"https:\/\/ankaratranspalettamiri.com\/wp-content\/uploads\/2017\/08\/ankara-ranspalet-tamiri-7-169x300.jpeg 169w, https:\/\/ankaratranspalettamiri.com\/wp-content\/uploads\/2017\/08\/ankara-ranspalet-tamiri-7-768x1365.jpeg 768w, https:\/\/ankaratranspalettamiri.com\/wp-content\/uploads\/2017\/08\/ankara-ranspalet-tamiri-7-576x1024.jpeg 576w\" sizes=\"(max-width: 169px) 100vw, 169px\" \/><p id=\"caption-attachment-80\" class=\"wp-caption-text\">ankara-beypazar\u0131-transpalet-tamiri<\/p><\/div>\n<div id=\"attachment_79\" style=\"width: 235px\" class=\"wp-caption alignnone\"><img aria-describedby=\"caption-attachment-79\" loading=\"lazy\" class=\"size-medium wp-image-79\" src=\"http:\/\/ankaratranspalettamiri.com\/wp-content\/uploads\/2017\/08\/ankara-ranspalet-tamiri-6-225x300.jpg\" alt=\"ankara-hasano\u011flan-transpalet-tamiri\" width=\"225\" height=\"300\" srcset=\"https:\/\/ankaratranspalettamiri.com\/wp-content\/uploads\/2017\/08\/ankara-ranspalet-tamiri-6-225x300.jpg 225w, https:\/\/ankaratranspalettamiri.com\/wp-content\/uploads\/2017\/08\/ankara-ranspalet-tamiri-6-768x1024.jpg 768w\" sizes=\"(max-width: 225px) 100vw, 225px\" \/><p id=\"caption-attachment-79\" class=\"wp-caption-text\">ankara-hasano\u011flan-transpalet-tamiri<\/p><\/div>\n<div id=\"attachment_78\" style=\"width: 179px\" class=\"wp-caption alignnone\"><img aria-describedby=\"caption-attachment-78\" loading=\"lazy\" class=\"size-medium wp-image-78\" src=\"http:\/\/ankaratranspalettamiri.com\/wp-content\/uploads\/2017\/08\/ankara-ranspalet-tamiri-6-169x300.jpeg\" alt=\"ankara-elmada\u011f-transpalet-tamiri\" width=\"169\" height=\"300\" srcset=\"https:\/\/ankaratranspalettamiri.com\/wp-content\/uploads\/2017\/08\/ankara-ranspalet-tamiri-6-169x300.jpeg 169w, https:\/\/ankaratranspalettamiri.com\/wp-content\/uploads\/2017\/08\/ankara-ranspalet-tamiri-6-768x1365.jpeg 768w, https:\/\/ankaratranspalettamiri.com\/wp-content\/uploads\/2017\/08\/ankara-ranspalet-tamiri-6-576x1024.jpeg 576w\" sizes=\"(max-width: 169px) 100vw, 169px\" \/><p id=\"caption-attachment-78\" class=\"wp-caption-text\">ankara-elmada\u011f-transpalet-tamiri<\/p><\/div>\n<div id=\"attachment_77\" style=\"width: 235px\" class=\"wp-caption alignnone\"><img aria-describedby=\"caption-attachment-77\" loading=\"lazy\" class=\"size-medium wp-image-77\" src=\"http:\/\/ankaratranspalettamiri.com\/wp-content\/uploads\/2017\/08\/ankara-ranspalet-tamiri-5-225x300.jpg\" alt=\"ankara-k\u0131z\u0131lcahamam-transpalet-tamiri\" width=\"225\" height=\"300\" srcset=\"https:\/\/ankaratranspalettamiri.com\/wp-content\/uploads\/2017\/08\/ankara-ranspalet-tamiri-5-225x300.jpg 225w, https:\/\/ankaratranspalettamiri.com\/wp-content\/uploads\/2017\/08\/ankara-ranspalet-tamiri-5-768x1024.jpg 768w\" sizes=\"(max-width: 225px) 100vw, 225px\" \/><p id=\"caption-attachment-77\" class=\"wp-caption-text\">ankara-k\u0131z\u0131lcahamam-transpalet-tamiri<\/p><\/div>\n<div id=\"attachment_76\" style=\"width: 179px\" class=\"wp-caption alignnone\"><img aria-describedby=\"caption-attachment-76\" loading=\"lazy\" class=\"size-medium wp-image-76\" src=\"http:\/\/ankaratranspalettamiri.com\/wp-content\/uploads\/2017\/08\/ankara-ranspalet-tamiri-5-169x300.jpeg\" alt=\"ankara-kahramankazan-transpalet-tamiri\" width=\"169\" height=\"300\" srcset=\"https:\/\/ankaratranspalettamiri.com\/wp-content\/uploads\/2017\/08\/ankara-ranspalet-tamiri-5-169x300.jpeg 169w, https:\/\/ankaratranspalettamiri.com\/wp-content\/uploads\/2017\/08\/ankara-ranspalet-tamiri-5-768x1365.jpeg 768w, https:\/\/ankaratranspalettamiri.com\/wp-content\/uploads\/2017\/08\/ankara-ranspalet-tamiri-5-576x1024.jpeg 576w\" sizes=\"(max-width: 169px) 100vw, 169px\" \/><p id=\"caption-attachment-76\" class=\"wp-caption-text\">ankara-kahramankazan-transpalet-tamiri<\/p><\/div>\n<div id=\"attachment_75\" style=\"width: 235px\" class=\"wp-caption alignnone\"><img aria-describedby=\"caption-attachment-75\" loading=\"lazy\" class=\"size-medium wp-image-75\" src=\"http:\/\/ankaratranspalettamiri.com\/wp-content\/uploads\/2017\/08\/ankara-ranspalet-tamiri-4-225x300.jpg\" alt=\"ankara-kazan-transpalet-tamiri\" width=\"225\" height=\"300\" srcset=\"https:\/\/ankaratranspalettamiri.com\/wp-content\/uploads\/2017\/08\/ankara-ranspalet-tamiri-4-225x300.jpg 225w, https:\/\/ankaratranspalettamiri.com\/wp-content\/uploads\/2017\/08\/ankara-ranspalet-tamiri-4-768x1024.jpg 768w\" sizes=\"(max-width: 225px) 100vw, 225px\" \/><p id=\"caption-attachment-75\" class=\"wp-caption-text\">ankara-kazan-transpalet-tamiri<\/p><\/div>\n<div id=\"attachment_74\" style=\"width: 179px\" class=\"wp-caption alignnone\"><img aria-describedby=\"caption-attachment-74\" loading=\"lazy\" class=\"size-medium wp-image-74\" src=\"http:\/\/ankaratranspalettamiri.com\/wp-content\/uploads\/2017\/08\/ankara-ranspalet-tamiri-4-169x300.jpeg\" alt=\"ankara-ulus-transpalet-tamiri\" width=\"169\" height=\"300\" srcset=\"https:\/\/ankaratranspalettamiri.com\/wp-content\/uploads\/2017\/08\/ankara-ranspalet-tamiri-4-169x300.jpeg 169w, https:\/\/ankaratranspalettamiri.com\/wp-content\/uploads\/2017\/08\/ankara-ranspalet-tamiri-4-768x1365.jpeg 768w, https:\/\/ankaratranspalettamiri.com\/wp-content\/uploads\/2017\/08\/ankara-ranspalet-tamiri-4-576x1024.jpeg 576w\" sizes=\"(max-width: 169px) 100vw, 169px\" \/><p id=\"caption-attachment-74\" class=\"wp-caption-text\">ankara-ulus-transpalet-tamiri<\/p><\/div>\n<div id=\"attachment_73\" style=\"width: 235px\" class=\"wp-caption alignnone\"><img aria-describedby=\"caption-attachment-73\" loading=\"lazy\" class=\"size-medium wp-image-73\" src=\"http:\/\/ankaratranspalettamiri.com\/wp-content\/uploads\/2017\/08\/ankara-ranspalet-tamiri-3-225x300.jpg\" alt=\"ankara-yenikent-transpalet-tamiri\" width=\"225\" height=\"300\" srcset=\"https:\/\/ankaratranspalettamiri.com\/wp-content\/uploads\/2017\/08\/ankara-ranspalet-tamiri-3-225x300.jpg 225w, https:\/\/ankaratranspalettamiri.com\/wp-content\/uploads\/2017\/08\/ankara-ranspalet-tamiri-3-768x1024.jpg 768w\" sizes=\"(max-width: 225px) 100vw, 225px\" \/><p id=\"caption-attachment-73\" class=\"wp-caption-text\">ankara-yenikent-transpalet-tamiri<\/p><\/div>\n<div id=\"attachment_72\" style=\"width: 310px\" class=\"wp-caption alignnone\"><img aria-describedby=\"caption-attachment-72\" loading=\"lazy\" class=\"size-medium wp-image-72\" src=\"http:\/\/ankaratranspalettamiri.com\/wp-content\/uploads\/2017\/08\/ankara-ranspalet-tamiri-3-300x169.jpeg\" alt=\"ankara-\u00e7ankaya-transpalet-tamiri\" width=\"300\" height=\"169\" srcset=\"https:\/\/ankaratranspalettamiri.com\/wp-content\/uploads\/2017\/08\/ankara-ranspalet-tamiri-3-300x169.jpeg 300w, https:\/\/ankaratranspalettamiri.com\/wp-content\/uploads\/2017\/08\/ankara-ranspalet-tamiri-3-768x432.jpeg 768w, https:\/\/ankaratranspalettamiri.com\/wp-content\/uploads\/2017\/08\/ankara-ranspalet-tamiri-3-1024x576.jpeg 1024w\" sizes=\"(max-width: 300px) 100vw, 300px\" \/><p id=\"caption-attachment-72\" class=\"wp-caption-text\">ankara-\u00e7ankaya-transpalet-tamiri<\/p><\/div>\n<div id=\"attachment_71\" style=\"width: 310px\" class=\"wp-caption alignnone\"><img aria-describedby=\"caption-attachment-71\" loading=\"lazy\" class=\"size-medium wp-image-71\" src=\"http:\/\/ankaratranspalettamiri.com\/wp-content\/uploads\/2017\/08\/ankara-ranspalet-tamiri-2-300x246.jpg\" alt=\"ankara-siteler-transpalet-tamiri\" width=\"300\" height=\"246\" srcset=\"https:\/\/ankaratranspalettamiri.com\/wp-content\/uploads\/2017\/08\/ankara-ranspalet-tamiri-2-300x246.jpg 300w, https:\/\/ankaratranspalettamiri.com\/wp-content\/uploads\/2017\/08\/ankara-ranspalet-tamiri-2.jpg 552w\" sizes=\"(max-width: 300px) 100vw, 300px\" \/><p id=\"caption-attachment-71\" class=\"wp-caption-text\">ankara-siteler-transpalet-tamiri<\/p><\/div>\n<div id=\"attachment_70\" style=\"width: 310px\" class=\"wp-caption alignnone\"><img aria-describedby=\"caption-attachment-70\" loading=\"lazy\" class=\"size-medium wp-image-70\" src=\"http:\/\/ankaratranspalettamiri.com\/wp-content\/uploads\/2017\/08\/ankara-ranspalet-tamiri-2-300x169.jpeg\" alt=\"ankara-gimat-transpalet-tamiri\" width=\"300\" height=\"169\" srcset=\"https:\/\/ankaratranspalettamiri.com\/wp-content\/uploads\/2017\/08\/ankara-ranspalet-tamiri-2-300x169.jpeg 300w, https:\/\/ankaratranspalettamiri.com\/wp-content\/uploads\/2017\/08\/ankara-ranspalet-tamiri-2-768x432.jpeg 768w, https:\/\/ankaratranspalettamiri.com\/wp-content\/uploads\/2017\/08\/ankara-ranspalet-tamiri-2-1024x576.jpeg 1024w\" sizes=\"(max-width: 300px) 100vw, 300px\" \/><p id=\"caption-attachment-70\" class=\"wp-caption-text\">ankara-gimat-transpalet-tamiri<\/p><\/div>\n<div id=\"attachment_69\" style=\"width: 310px\" class=\"wp-caption alignnone\"><img aria-describedby=\"caption-attachment-69\" loading=\"lazy\" class=\"size-medium wp-image-69\" src=\"http:\/\/ankaratranspalettamiri.com\/wp-content\/uploads\/2017\/08\/ankara-ranspalet-tamiri-1-300x117.jpg\" alt=\"ankara-\u015fa\u015fmaz-transpalet-tamiri\" width=\"300\" height=\"117\" srcset=\"https:\/\/ankaratranspalettamiri.com\/wp-content\/uploads\/2017\/08\/ankara-ranspalet-tamiri-1-300x117.jpg 300w, https:\/\/ankaratranspalettamiri.com\/wp-content\/uploads\/2017\/08\/ankara-ranspalet-tamiri-1.jpg 640w\" sizes=\"(max-width: 300px) 100vw, 300px\" \/><p id=\"caption-attachment-69\" class=\"wp-caption-text\">ankara-\u015fa\u015fmaz-transpalet-tamiri<\/p><\/div>\n<div id=\"attachment_68\" style=\"width: 179px\" class=\"wp-caption alignnone\"><img aria-describedby=\"caption-attachment-68\" loading=\"lazy\" class=\"size-medium wp-image-68\" src=\"http:\/\/ankaratranspalettamiri.com\/wp-content\/uploads\/2017\/08\/ankara-ranspalet-tamiri-1-169x300.jpeg\" alt=\"ankara-ivedik-transpalet-tamiri\" width=\"169\" height=\"300\" srcset=\"https:\/\/ankaratranspalettamiri.com\/wp-content\/uploads\/2017\/08\/ankara-ranspalet-tamiri-1-169x300.jpeg 169w, https:\/\/ankaratranspalettamiri.com\/wp-content\/uploads\/2017\/08\/ankara-ranspalet-tamiri-1-768x1365.jpeg 768w, https:\/\/ankaratranspalettamiri.com\/wp-content\/uploads\/2017\/08\/ankara-ranspalet-tamiri-1-576x1024.jpeg 576w\" sizes=\"(max-width: 169px) 100vw, 169px\" \/><p id=\"caption-attachment-68\" class=\"wp-caption-text\">ankara-ivedik-transpalet-tamiri<\/p><\/div>\n<div id=\"attachment_22\" style=\"width: 310px\" class=\"wp-caption alignnone\"><img aria-describedby=\"caption-attachment-22\" loading=\"lazy\" class=\"size-medium wp-image-22\" src=\"http:\/\/ankaratranspalettamiri.com\/wp-content\/uploads\/2017\/08\/ankara-manuel-transpalet-tamiri-300x117.jpg\" alt=\"ankara-ostim-transpalet-tamiri\" width=\"300\" height=\"117\" srcset=\"https:\/\/ankaratranspalettamiri.com\/wp-content\/uploads\/2017\/08\/ankara-manuel-transpalet-tamiri-300x117.jpg 300w, https:\/\/ankaratranspalettamiri.com\/wp-content\/uploads\/2017\/08\/ankara-manuel-transpalet-tamiri.jpg 640w\" sizes=\"(max-width: 300px) 100vw, 300px\" \/><p id=\"caption-attachment-22\" class=\"wp-caption-text\">ankara-ostim-transpalet-tamiri<\/p><\/div>\n<div id=\"attachment_16\" style=\"width: 310px\" class=\"wp-caption alignnone\"><img aria-describedby=\"caption-attachment-16\" loading=\"lazy\" class=\"size-medium wp-image-16\" src=\"http:\/\/ankaratranspalettamiri.com\/wp-content\/uploads\/2017\/08\/ankara-transpalet-tamir-bak\u0131m-300x246.jpg\" alt=\"ankara-sincan-transpalet-tamiri\" width=\"300\" height=\"246\" srcset=\"https:\/\/ankaratranspalettamiri.com\/wp-content\/uploads\/2017\/08\/ankara-transpalet-tamir-bak\u0131m-300x246.jpg 300w, https:\/\/ankaratranspalettamiri.com\/wp-content\/uploads\/2017\/08\/ankara-transpalet-tamir-bak\u0131m.jpg 552w\" sizes=\"(max-width: 300px) 100vw, 300px\" \/><p id=\"caption-attachment-16\" class=\"wp-caption-text\">ankara-sincan-transpalet-tamiri<\/p><\/div>\n","protected":false},"excerpt":{"rendered":"<p>Ankara S\u0131f\u0131r Transpalet Sat\u0131\u015f<\/p>\n","protected":false},"author":1,"featured_media":0,"parent":0,"menu_order":0,"comment_status":"closed","ping_status":"closed","template":"","meta":[],"_links":{"self":[{"href":"https:\/\/www.ankaratranspalettamir.com\/index.php\/wp-json\/wp\/v2\/pages\/29"}],"collection":[{"href":"https:\/\/www.ankaratranspalettamir.com\/index.php\/wp-json\/wp\/v2\/pages"}],"about":[{"href":"https:\/\/www.ankaratranspalettamir.com\/index.php\/wp-json\/wp\/v2\/types\/page"}],"author":[{"embeddable":true,"href":"https:\/\/www.ankaratranspalettamir.com\/index.php\/wp-json\/wp\/v2\/users\/1"}],"replies":[{"embeddable":true,"href":"https:\/\/www.ankaratranspalettamir.com\/index.php\/wp-json\/wp\/v2\/comments?post=29"}],"version-history":[{"count":4,"href":"https:\/\/www.ankaratranspalettamir.com\/index.php\/wp-json\/wp\/v2\/pages\/29\/revisions"}],"predecessor-version":[{"id":96,"href":"https:\/\/www.ankaratranspalettamir.com\/index.php\/wp-json\/wp\/v2\/pages\/29\/revisions\/96"}],"wp:attachment":[{"href":"https:\/\/www.ankaratranspalettamir.com\/index.php\/wp-json\/wp\/v2\/media?parent=29"}],"curies":[{"name":"wp","href":"https:\/\/api.w.org\/{rel}","templated":true}]}}