{"id":25,"date":"2017-08-06T14:34:26","date_gmt":"2017-08-06T11:34:26","guid":{"rendered":"http:\/\/ankaratranspalettamiri.com\/?page_id=25"},"modified":"2017-08-06T14:41:12","modified_gmt":"2017-08-06T11:41:12","slug":"iletisim","status":"publish","type":"page","link":"https:\/\/www.ankaratranspalettamir.com\/index.php\/iletisim\/","title":{"rendered":"\u0130leti\u015fim"},"content":{"rendered":"<div class=\"column one-half last\">\n<p><strong>Adresimiz<\/strong><\/p>\n<hr \/>\n<p>Ostim OSB 1200.cadde (eski 29 sk) 65\/D<br \/>\nYenimahalle Ankara<\/p>\n<p><i class=\"fa fa-clock-o\"><\/i> <strong>\u00c7al\u0131\u015fma Saatlerimiz<\/strong><\/p>\n<hr \/>\n<p>Haftai\u00e7i : 08:00 \u2013 19:00<\/p>\n<p>Haftasonu : 10:00 \u2013 19:00<\/p>\n<hr \/>\n<p><i class=\"fa fa-phone-square\"><\/i>CEP :0542 688 70 73\u00a0 \u00a07\/24 ileti\u015fim hatt\u0131<br \/>\n<i class=\"fa fa-fax\"><\/i>TEL-FAX :0312 385 74 28<br \/>\nMA\u0130L :info@demirhanhidrolik.com<\/p>\n<\/div>\n<div class=\"clear\"><\/div>\n<p>&nbsp;<\/p>\n<p><iframe style=\"border: 0;\" src=\"https:\/\/www.google.com\/maps\/embed?pb=!1m18!1m12!1m3!1d3057.7195755741222!2d32.73889631538245!3d39.970021979419585!2m3!1f0!2f0!3f0!3m2!1i1024!2i768!4f13.1!3m3!1m2!1s0x14d349b89952825d%3A0xa9f776116a0a1ed8!2zREVNxLBSSEFOIEjEsERST0zEsEsgUE7Dlk1BVMSwSyBIT1JUVU0gUkVLT1I!5e0!3m2!1str!2str!4v1466370084187\" width=\"600\" height=\"450\" frameborder=\"0\" allowfullscreen=\"allowfullscreen\"><\/iframe><\/p>\n","protected":false},"excerpt":{"rendered":"<p>Adresimiz Ostim OSB 1200.cadde (eski 29 sk) 65\/D Yenimahalle Ankara \u00c7al\u0131\u015fma Saatlerimiz Haftai\u00e7i : 08:00 \u2013 19:00 Haftasonu : 10:00 \u2013 19:00 CEP :0542 688 70 73\u00a0 \u00a07\/24 ileti\u015fim hatt\u0131 TEL-FAX :0312 385 74 28 MA\u0130L :info@demirhanhidrolik.com &nbsp;<\/p>\n","protected":false},"author":1,"featured_media":0,"parent":0,"menu_order":0,"comment_status":"closed","ping_status":"closed","template":"","meta":[],"_links":{"self":[{"href":"https:\/\/www.ankaratranspalettamir.com\/index.php\/wp-json\/wp\/v2\/pages\/25"}],"collection":[{"href":"https:\/\/www.ankaratranspalettamir.com\/index.php\/wp-json\/wp\/v2\/pages"}],"about":[{"href":"https:\/\/www.ankaratranspalettamir.com\/index.php\/wp-json\/wp\/v2\/types\/page"}],"author":[{"embeddable":true,"href":"https:\/\/www.ankaratranspalettamir.com\/index.php\/wp-json\/wp\/v2\/users\/1"}],"replies":[{"embeddable":true,"href":"https:\/\/www.ankaratranspalettamir.com\/index.php\/wp-json\/wp\/v2\/comments?post=25"}],"version-history":[{"count":2,"href":"https:\/\/www.ankaratranspalettamir.com\/index.php\/wp-json\/wp\/v2\/pages\/25\/revisions"}],"predecessor-version":[{"id":40,"href":"https:\/\/www.ankaratranspalettamir.com\/index.php\/wp-json\/wp\/v2\/pages\/25\/revisions\/40"}],"wp:attachment":[{"href":"https:\/\/www.ankaratranspalettamir.com\/index.php\/wp-json\/wp\/v2\/media?parent=25"}],"curies":[{"name":"wp","href":"https:\/\/api.w.org\/{rel}","templated":true}]}}