{"id":13,"date":"2017-08-06T14:05:47","date_gmt":"2017-08-06T11:05:47","guid":{"rendered":"http:\/\/ankaratranspalettamiri.com\/?page_id=13"},"modified":"2017-08-06T14:05:47","modified_gmt":"2017-08-06T11:05:47","slug":"ana-sayfa","status":"publish","type":"page","link":"https:\/\/www.ankaratranspalettamir.com\/","title":{"rendered":"Ana sayfa"},"content":{"rendered":"<p>Sitenize ho\u015f geldiniz! Bu sizin ana sayfan\u0131z, ki ziyaret\u00e7ilerinizin \u00e7o\u011fu sitenize geldi\u011finde ilk olarak bu sayfay\u0131 g\u00f6r\u00fcnt\u00fclerler.<\/p>\n","protected":false},"excerpt":{"rendered":"<p>Sitenize ho\u015f geldiniz! Bu sizin ana sayfan\u0131z, ki ziyaret\u00e7ilerinizin \u00e7o\u011fu sitenize geldi\u011finde ilk olarak bu sayfay\u0131 g\u00f6r\u00fcnt\u00fclerler.<\/p>\n","protected":false},"author":1,"featured_media":0,"parent":0,"menu_order":0,"comment_status":"closed","ping_status":"closed","template":"","meta":[],"_links":{"self":[{"href":"https:\/\/www.ankaratranspalettamir.com\/index.php\/wp-json\/wp\/v2\/pages\/13"}],"collection":[{"href":"https:\/\/www.ankaratranspalettamir.com\/index.php\/wp-json\/wp\/v2\/pages"}],"about":[{"href":"https:\/\/www.ankaratranspalettamir.com\/index.php\/wp-json\/wp\/v2\/types\/page"}],"author":[{"embeddable":true,"href":"https:\/\/www.ankaratranspalettamir.com\/index.php\/wp-json\/wp\/v2\/users\/1"}],"replies":[{"embeddable":true,"href":"https:\/\/www.ankaratranspalettamir.com\/index.php\/wp-json\/wp\/v2\/comments?post=13"}],"version-history":[{"count":1,"href":"https:\/\/www.ankaratranspalettamir.com\/index.php\/wp-json\/wp\/v2\/pages\/13\/revisions"}],"predecessor-version":[{"id":17,"href":"https:\/\/www.ankaratranspalettamir.com\/index.php\/wp-json\/wp\/v2\/pages\/13\/revisions\/17"}],"wp:attachment":[{"href":"https:\/\/www.ankaratranspalettamir.com\/index.php\/wp-json\/wp\/v2\/media?parent=13"}],"curies":[{"name":"wp","href":"https:\/\/api.w.org\/{rel}","templated":true}]}}